{"id":7067,"date":"2022-04-08T06:03:26","date_gmt":"2022-04-08T06:03:26","guid":{"rendered":"https:\/\/caisdofado.pt\/taquilla\/"},"modified":"2026-01-07T13:42:23","modified_gmt":"2026-01-07T13:42:23","slug":"taquilla","status":"publish","type":"page","link":"https:\/\/caisdofado.pt\/es\/taquilla\/","title":{"rendered":"Taquilla"},"content":{"rendered":"\t\t<div data-elementor-type=\"wp-page\" data-elementor-id=\"7067\" class=\"elementor elementor-7067 elementor-6252\">\n\t\t\t\t\t\t<section class=\"elementor-section elementor-top-section elementor-element elementor-element-69209016 pt-section-content-fullwidth pt-parallax-on-scroll pt_scroll_y_120 elementor-section-boxed elementor-section-height-default elementor-section-height-default\" data-id=\"69209016\" data-element_type=\"section\" data-e-type=\"section\" data-settings=\"{&quot;background_background&quot;:&quot;classic&quot;}\" data-pt-parallax-y=\"120\" style=\"background-image: none;\" data-pt-background-image=\"https:\/\/caisdofado.pt\/wp-content\/uploads\/2025\/08\/DSC5286-1.webp\">\n\t\t\t\t\t\t\t<div class=\"elementor-background-overlay\"><\/div>\n\t\t\t\t\t\t\t<div class=\"elementor-container elementor-column-gap-no\">\n\t\t\t\t\t<div class=\"elementor-column elementor-col-100 elementor-top-column elementor-element elementor-element-e43c293\" data-id=\"e43c293\" data-element_type=\"column\" data-e-type=\"column\">\n\t\t\t<div class=\"elementor-widget-wrap\">\n\t\t\t\t\t\t\t<\/div>\n\t\t<\/div>\n\t\t\t\t\t<\/div>\n\t\t<\/section>\n\t\t\t\t<section class=\"elementor-section elementor-top-section elementor-element elementor-element-49a2d8b3 elementor-section-boxed elementor-section-height-default elementor-section-height-default\" data-id=\"49a2d8b3\" data-element_type=\"section\" data-e-type=\"section\" data-settings=\"{&quot;background_background&quot;:&quot;classic&quot;}\">\n\t\t\t\t\t\t\t<div class=\"elementor-background-overlay\"><\/div>\n\t\t\t\t\t\t\t<div class=\"elementor-container elementor-column-gap-no\">\n\t\t\t\t\t<div class=\"elementor-column elementor-col-100 elementor-top-column elementor-element elementor-element-4b391e8f\" data-id=\"4b391e8f\" data-element_type=\"column\" data-e-type=\"column\">\n\t\t\t<div class=\"elementor-widget-wrap elementor-element-populated\">\n\t\t\t\t\t\t<div class=\"elementor-element elementor-element-3fbb71ea elementor-widget elementor-widget-pt_title\" data-id=\"3fbb71ea\" data-element_type=\"widget\" data-e-type=\"widget\" data-widget_type=\"pt_title.default\">\n\t\t\t\t<div class=\"elementor-widget-container\">\n\t\t\t\t\t\n        <div class=\"pt-title-wrap text-center\">\t            <div class=\"pt-subtitle-wrap\"><span class=\"pt-subtitle style-bordered\">entradas online<\/span><\/div>\t            <h4 class=\"pt-title\">\n\t                Reservar Concierto\t            <\/h4>\t            <div class=\"pt-title-text\">\n\t                <p>Reserve su lugar para un concierto inolvidable, donde el Fado se expresa con toda su autenticidad y alma. Para complementar esta experiencia \u00fanica, ofrecemos una copa de vino de Oporto \u2014 la invitaci\u00f3n perfecta para brindar por la tradici\u00f3n y la emoci\u00f3n que compartimos. <\/p>\t            <\/div>        <\/div>\t\t\t\t<\/div>\n\t\t\t\t<\/div>\n\t\t\t\t<div class=\"elementor-element elementor-element-0e7d340 elementor-widget elementor-widget-html\" data-id=\"0e7d340\" data-element_type=\"widget\" data-e-type=\"widget\" data-widget_type=\"html.default\">\n\t\t\t\t\t<div>\n    <!-- FareHarbor calendar of flow #1055732 -->\n<script data-cfasync=\"false\" src=\"https:\/\/fareharbor.com\/embeds\/script\/calendar-small\/caisdofado\/?fallback=simple&amp;full-items=yes&amp;flow=1055732\"><\/script>\n<\/div>\t\t\t\t<\/div>\n\t\t\t\t<div class=\"elementor-element elementor-element-22416b1b elementor-widget elementor-widget-text-editor\" data-id=\"22416b1b\" data-element_type=\"widget\" data-e-type=\"widget\" data-widget_type=\"text-editor.default\">\n\t\t\t\t\t\t\t\t\t<p>*Powered by Farharbor<\/p>\t\t\t\t\t\t\t\t<\/div>\n\t\t\t\t\t<\/div>\n\t\t<\/div>\n\t\t\t\t\t<\/div>\n\t\t<\/section>\n\t\t<div class=\"elementor-element elementor-element-43b10bc e-flex e-con-boxed e-con e-parent\" data-id=\"43b10bc\" data-element_type=\"container\" data-e-type=\"container\">\n\t\t\t\t\t<div class=\"e-con-inner\">\n\t\t\t\t<div class=\"elementor-element elementor-element-95368ae elementor-widget elementor-widget-text-editor\" data-id=\"95368ae\" data-element_type=\"widget\" data-e-type=\"widget\" data-widget_type=\"text-editor.default\">\n\t\t\t\t\t\t\t\t\t<h2><br \/>Concierto <strong>con Artistas Locales<\/strong><\/h2><p><strong>Oporto, Cais de Gaia<\/strong><br \/><strong>Adulto 19 \u20ac \u2022 \u00a1Fado y un Vino de Oporto! Duraci\u00f3n: aproximadamente 1 hora<\/strong><\/p><p>\ud83c\udfb6 <strong>Fado Tradicional en el Cais do Fado<\/strong><br \/>Descubra la magia del Fado, Patrimonio Inmaterial de la Humanidad por la UNESCO, expresi\u00f3n musical de la cultura portuguesa. Con los m\u00fasicos del Cais do Fado, viva la profundidad de las voces y la maestr\u00eda de los m\u00fasicos en un ambiente \u00edntimo con vistas deslumbrantes al Duero.<\/p><p>\ud83c\udf77 <strong>Experiencia Completa<\/strong><br \/>Disfrute de un concierto de calidad acompa\u00f1ado de una copa de vino de Oporto, mientras se sumerge en la esencia de la cultura portuguesa.<\/p><p>\ud83d\udc68\u200d\ud83d\udc69\u200d\ud83d\udc67\u200d\ud83d\udc66 <strong>Accesible e Inclusivo<\/strong><br \/>Entrada gratuita para ni\u00f1os hasta 13 a\u00f1os, descuentos para estudiantes y grupos. El espacio es pet friendly.<\/p><p>\ud83c\udf1f <strong>Mucho M\u00e1s que M\u00fasica<\/strong><br \/>Creado por m\u00fasicos profesionales de la ciudad, este proyecto de alma celebra la tradici\u00f3n y comparte la autenticidad del Fado.<\/p><p>\ud83d\udcab <strong>\u00a1Venga a sentir el alma del Fado en el Cais de Gaia!<\/strong><br \/><strong>Incluido<\/strong><\/p><ul role=\"list\"><li>Copa de Vino de Oporto Po\u00e7as<\/li><li>Zumo o agua<\/li><\/ul><p><strong>Punto de Encuentro<\/strong><br \/>Clube Fluvial Portuense. En el Cais de Gaia, edificio verde frente al River Taxi, y al lado de la Casa Portuguesa do Pastel de Bacalhau.<br \/>Av. Diogo Leite n\u00ba 108, 4400-111 V.N. Gaia<\/p>\t\t\t\t\t\t\t\t<\/div>\n\t\t\t\t<div class=\"elementor-element elementor-element-f2b17f4 elementor-widget elementor-widget-spacer\" data-id=\"f2b17f4\" data-element_type=\"widget\" data-e-type=\"widget\" data-widget_type=\"spacer.default\">\n\t\t\t\t\t\t\t<div class=\"elementor-spacer\">\n\t\t\t<div class=\"elementor-spacer-inner\"><\/div>\n\t\t<\/div>\n\t\t\t\t\t\t<\/div>\n\t\t\t\t\t<\/div>\n\t\t\t\t<\/div>\n\t\t<div class=\"elementor-element elementor-element-1df3eba e-con-full e-flex e-con e-parent\" data-id=\"1df3eba\" data-element_type=\"container\" data-e-type=\"container\">\n\t\t\t\t<div class=\"elementor-element elementor-element-bf8a567 elementor-widget elementor-widget-pt_instagram\" data-id=\"bf8a567\" data-element_type=\"widget\" data-e-type=\"widget\" data-widget_type=\"pt_instagram.default\">\n\t\t\t\t<div class=\"elementor-widget-container\">\n\t\t\t\t\t\n        <div class=\"pt-instagram column-mosaic small-gap\">\t                <ul>\t                        <li><div class=\"feed-bg lazyload\" style=\"background-image:inherit;\" data-bg-image=\"url(https:\/\/caisdofado.pt\/wp-content\/uploads\/2025\/10\/1.png)\"><\/div><\/li>\t                        <li><div class=\"feed-bg lazyload\" style=\"background-image:inherit;\" data-bg-image=\"url(https:\/\/caisdofado.pt\/wp-content\/uploads\/2025\/08\/DSC2570b.webp)\"><\/div><\/li>\t                        <li><div class=\"feed-bg lazyload\" style=\"background-image:inherit;\" data-bg-image=\"url(https:\/\/caisdofado.pt\/wp-content\/uploads\/2025\/08\/1.webp)\"><\/div><\/li>\t                        <li><div class=\"feed-bg lazyload\" style=\"background-image:inherit;\" data-bg-image=\"url(https:\/\/caisdofado.pt\/wp-content\/uploads\/2025\/10\/DSC5286.jpg)\"><\/div><\/li>\t                        <li><div class=\"feed-bg lazyload\" style=\"background-image:inherit;\" data-bg-image=\"url(https:\/\/caisdofado.pt\/wp-content\/uploads\/2025\/08\/DSC07879.webp)\"><\/div><\/li>\t                        <li><div class=\"feed-bg lazyload\" style=\"background-image:inherit;\" data-bg-image=\"url(https:\/\/caisdofado.pt\/wp-content\/uploads\/2025\/08\/5-1.webp)\"><\/div><\/li>\t                <\/ul>        <\/div>\t\t\t\t<\/div>\n\t\t\t\t<\/div>\n\t\t\t\t<\/div>\n\t\t\t\t<\/div>\n\t\t","protected":false},"excerpt":{"rendered":"<p>entradas online Reservar Concierto Reserve su lugar para un concierto inolvidable, donde el Fado se expresa con toda su autenticidad y alma. Para complementar esta experiencia \u00fanica, ofrecemos una copa de vino de Oporto \u2014 la invitaci\u00f3n perfecta para brindar por la tradici\u00f3n y la emoci\u00f3n que compartimos. *Powered by Farharbor Concierto con Artistas Locales &#8230;<\/p>\n","protected":false},"author":1,"featured_media":0,"parent":0,"menu_order":0,"comment_status":"closed","ping_status":"closed","template":"template-wide-content.php","meta":{"patiotime_single_page_hide_site_header":"","patiotime_single_page_site_header_source":"","patiotime_single_page_custom_site_header":"0","patiotime_single_page_custom_sticky_site_header":"0","patiotime_single_page_custom_page_title_margin_top_source":"","patiotime_single_page_custom_page_title_desktop_margin_top":"","patiotime_single_page_custom_page_title_tablet_margin_top":"","patiotime_single_page_custom_page_title_mobile_margin_top":"","patiotime_single_page_hide_page_title":"","patiotime_single_page_header_section_size":"","patiotime_single_page_header_background_color":"","patiotime_single_page_header_background_position_x":"center","patiotime_single_page_header_background_position_y":"center","patiotime_single_page_header_background_size":"cover","patiotime_single_page_header_background_repeat":"off","patiotime_single_page_header_background_scroll":"on","patiotime_single_page_header_text_color":"","patiotime_single_page_header_show_breadcrumb":"","patiotime_single_page_site_footer_hide_main":"","patiotime_single_custom_site_footer_main_source":"","patiotime_single_custom_site_footer_main":"0","patiotime_single_page_site_footer_hide_above":"","patiotime_single_custom_site_footer_above_source":"","patiotime_single_custom_site_footer_above":"0","patiotime_single_page_site_footer_hide_instagram":"","patiotime_single_page_site_footer_hide_bottom":"","patiotime_single_custom_mobile_menu_source":"","patiotime_single_custom_mobile_menu":"0","patiotime_single_custom_mobile_menu_animation":"","patiotime_single_custom_mobile_menu_width":"","patiotime_single_custom_mobile_menu_custom_width":375,"footnotes":""},"class_list":["post-7067","page","type-page","status-publish","hentry"],"_hostinger_reach_plugin_has_subscription_block":false,"_hostinger_reach_plugin_is_elementor":false,"_links":{"self":[{"href":"https:\/\/caisdofado.pt\/es\/wp-json\/wp\/v2\/pages\/7067","targetHints":{"allow":["GET"]}}],"collection":[{"href":"https:\/\/caisdofado.pt\/es\/wp-json\/wp\/v2\/pages"}],"about":[{"href":"https:\/\/caisdofado.pt\/es\/wp-json\/wp\/v2\/types\/page"}],"author":[{"embeddable":true,"href":"https:\/\/caisdofado.pt\/es\/wp-json\/wp\/v2\/users\/1"}],"replies":[{"embeddable":true,"href":"https:\/\/caisdofado.pt\/es\/wp-json\/wp\/v2\/comments?post=7067"}],"version-history":[{"count":14,"href":"https:\/\/caisdofado.pt\/es\/wp-json\/wp\/v2\/pages\/7067\/revisions"}],"predecessor-version":[{"id":7476,"href":"https:\/\/caisdofado.pt\/es\/wp-json\/wp\/v2\/pages\/7067\/revisions\/7476"}],"wp:attachment":[{"href":"https:\/\/caisdofado.pt\/es\/wp-json\/wp\/v2\/media?parent=7067"}],"curies":[{"name":"wp","href":"https:\/\/api.w.org\/{rel}","templated":true}]}}