{"id":7202,"date":"2022-04-05T13:54:45","date_gmt":"2022-04-05T13:54:45","guid":{"rendered":"https:\/\/caisdofado.pt\/contactos\/"},"modified":"2025-11-06T20:03:21","modified_gmt":"2025-11-06T20:03:21","slug":"contactos","status":"publish","type":"page","link":"https:\/\/caisdofado.pt\/es\/contactos\/","title":{"rendered":"Contactos"},"content":{"rendered":"\t\t<div data-elementor-type=\"wp-page\" data-elementor-id=\"7202\" class=\"elementor elementor-7202 elementor-4892\">\n\t\t\t\t\t\t<section class=\"elementor-section elementor-top-section elementor-element elementor-element-22919a6e pt-section-content-fullwidth pt-parallax-on-scroll pt_scroll_y_120 elementor-section-boxed elementor-section-height-default elementor-section-height-default\" data-id=\"22919a6e\" data-element_type=\"section\" data-e-type=\"section\" data-settings=\"{&quot;background_background&quot;:&quot;classic&quot;}\" data-pt-parallax-y=\"120\" style=\"background-image: none;\" data-pt-background-image=\"https:\/\/caisdofado.pt\/wp-content\/uploads\/2025\/08\/DSC07879_site.webp\">\n\t\t\t\t\t\t\t<div class=\"elementor-background-overlay\"><\/div>\n\t\t\t\t\t\t\t<div class=\"elementor-container elementor-column-gap-no\">\n\t\t\t\t\t<div class=\"elementor-column elementor-col-100 elementor-top-column elementor-element elementor-element-506879d8 dark-color\" data-id=\"506879d8\" data-element_type=\"column\" data-e-type=\"column\">\n\t\t\t<div class=\"elementor-widget-wrap elementor-element-populated\">\n\t\t\t\t\t\t<div class=\"elementor-element elementor-element-78737567 elementor-widget elementor-widget-pt_title\" data-id=\"78737567\" data-element_type=\"widget\" data-e-type=\"widget\" data-widget_type=\"pt_title.default\">\n\t\t\t\t<div class=\"elementor-widget-container\">\n\t\t\t\t\t\n        <div class=\"pt-title-wrap text-center\">\t            <h1 class=\"pt-title\">\n\t                Contactos\t            <\/h1>        <\/div>\t\t\t\t<\/div>\n\t\t\t\t<\/div>\n\t\t\t\t\t<\/div>\n\t\t<\/div>\n\t\t\t\t\t<\/div>\n\t\t<\/section>\n\t\t\t\t<section class=\"elementor-section elementor-top-section elementor-element elementor-element-6b823d19 elementor-section-boxed elementor-section-height-default elementor-section-height-default\" data-id=\"6b823d19\" data-element_type=\"section\" data-e-type=\"section\">\n\t\t\t\t\t\t<div class=\"elementor-container elementor-column-gap-no\">\n\t\t\t\t\t<div class=\"elementor-column elementor-col-33 elementor-top-column elementor-element elementor-element-453931e7\" data-id=\"453931e7\" data-element_type=\"column\" data-e-type=\"column\">\n\t\t\t<div class=\"elementor-widget-wrap elementor-element-populated\">\n\t\t\t\t\t\t<div class=\"elementor-element elementor-element-492d72ef elementor-widget elementor-widget-pt_title\" data-id=\"492d72ef\" data-element_type=\"widget\" data-e-type=\"widget\" data-widget_type=\"pt_title.default\">\n\t\t\t\t<div class=\"elementor-widget-container\">\n\t\t\t\t\t\n        <div class=\"pt-title-wrap\">\t            <div class=\"pt-subtitle-wrap\"><span class=\"pt-subtitle\">Nuestra ubicaci\u00f3n<\/span><\/div>\t            <h5 class=\"pt-title\">\n\t                D\u00f3nde Encontrarnos\t            <\/h5>\t            <div class=\"pt-title-text\">\n\t                <p>Situados en el emblem\u00e1tico Club Fluvial Portuense, junto a las tranquilas orillas del r\u00edo Duero, ofrecemos un refugio donde el Fado se despliega en su esencia m\u00e1s pura y emotiva. Con una vista encantadora sobre la majestuosa ciudad de Oporto y el suave murmullo del r\u00edo, este espacio se transforma en un escenario de ensue\u00f1o, donde el alma se deja llevar por la tradici\u00f3n, el sentimiento y la magia intemporal de este arte que es patrimonio de nuestro pueblo.  <br>Le invitamos a descubrir este lugar \u00fanico, donde cada momento se transforma en una oda a la cultura y al coraz\u00f3n, para compartir con nosotros emociones y memorias que perduran.<\/p>\t            <\/div>        <\/div>\t\t\t\t<\/div>\n\t\t\t\t<\/div>\n\t\t\t\t<div class=\"elementor-element elementor-element-75a2f82d elementor-widget elementor-widget-pt_info\" data-id=\"75a2f82d\" data-element_type=\"widget\" data-e-type=\"widget\" data-widget_type=\"pt_info.default\">\n\t\t\t\t<div class=\"elementor-widget-container\">\n\t\t\t\t\t\t            <div class=\"pt-info pt-address\">\n\t                <a href=\"https:\/\/maps.app.goo.gl\/Hqp1kUcta9V3ogJD9\">\t                    <i class=\"fas fa-map-marker-alt\"><\/i> Av. de Diogo Leite 108 1\u00ba Andar, 4400-111 Vila Nova de Gaia, Portugal\t                <\/a>\t            <\/div>\t\t\t\t<\/div>\n\t\t\t\t<\/div>\n\t\t\t\t<div class=\"elementor-element elementor-element-117f17f2 elementor-widget elementor-widget-pt_info\" data-id=\"117f17f2\" data-element_type=\"widget\" data-e-type=\"widget\" data-widget_type=\"pt_info.default\">\n\t\t\t\t<div class=\"elementor-widget-container\">\n\t\t\t\t\t\t            <div class=\"pt-info pt-tel\">\n\t                <a href=\"tel:+351 938 555 842\">\t                    <i class=\"fas fa-phone\"><\/i> +351 938 555 842\t                <\/a>\t            <\/div>\t\t\t\t<\/div>\n\t\t\t\t<\/div>\n\t\t\t\t<div class=\"elementor-element elementor-element-6ff2ab2d elementor-widget elementor-widget-pt_info\" data-id=\"6ff2ab2d\" data-element_type=\"widget\" data-e-type=\"widget\" data-widget_type=\"pt_info.default\">\n\t\t\t\t<div class=\"elementor-widget-container\">\n\t\t\t\t\t\t            <div class=\"pt-info pt-email\">\n\t                <a href=\"mailto:caisdofado@gmail.com\">\t                    <i class=\"far fa-envelope\"><\/i> caisdofado@gmail.com\t                <\/a>\t            <\/div>\t\t\t\t<\/div>\n\t\t\t\t<\/div>\n\t\t\t\t\t<\/div>\n\t\t<\/div>\n\t\t\t\t<div class=\"elementor-column elementor-col-33 elementor-top-column elementor-element elementor-element-51e65452 elementor-hidden-tablet elementor-hidden-mobile\" data-id=\"51e65452\" data-element_type=\"column\" data-e-type=\"column\">\n\t\t\t<div class=\"elementor-widget-wrap elementor-element-populated\">\n\t\t\t\t\t\t<div class=\"elementor-element elementor-element-505b69b8 full-height elementor-widget elementor-widget-pt_vertical_divider\" data-id=\"505b69b8\" data-element_type=\"widget\" data-e-type=\"widget\" data-widget_type=\"pt_vertical_divider.default\">\n\t\t\t\t<div class=\"elementor-widget-container\">\n\t\t\t\t\t\n        <div class=\"pt-vertical-divider divider-grass\">                <div class=\"pt-vd-icon icon-start\">                    <svg xmlns=\"http:\/\/www.w3.org\/2000\/svg\" viewBox=\"0 0 31.06 29.67\">\n                        <path d=\"M36.53,21.85,31.78,18s-7.5.83-9.68,16.39C22.1,34.34,25.7,21.66,36.53,21.85Z\" transform=\"translate(-5.47 -4.66)\"><\/path>\n                        <path class=\"cls-1\" d=\"M5.47,21.85,10.22,18s7.5.83,9.68,16.39C19.9,34.34,16.3,21.66,5.47,21.85Z\" transform=\"translate(-5.47 -4.66)\"><\/path>\n                        <polygon class=\"cls-1\" points=\"15.53 0 18.66 6.56 15.53 22.16 12.39 6.56 15.53 0\"><\/polygon>\n                    <\/svg>                <\/div>            <div class=\"pt-vd-line\"><\/div>                <div class=\"pt-vd-icon icon-end\">                    <svg xmlns=\"http:\/\/www.w3.org\/2000\/svg\" viewBox=\"0 0 31.06 29.67\">\n                        <path d=\"M36.53,21.85,31.78,18s-7.5.83-9.68,16.39C22.1,34.34,25.7,21.66,36.53,21.85Z\" transform=\"translate(-5.47 -4.66)\"><\/path>\n                        <path class=\"cls-1\" d=\"M5.47,21.85,10.22,18s7.5.83,9.68,16.39C19.9,34.34,16.3,21.66,5.47,21.85Z\" transform=\"translate(-5.47 -4.66)\"><\/path>\n                        <polygon class=\"cls-1\" points=\"15.53 0 18.66 6.56 15.53 22.16 12.39 6.56 15.53 0\"><\/polygon>\n                    <\/svg>                <\/div>        <\/div>\t\t\t\t<\/div>\n\t\t\t\t<\/div>\n\t\t\t\t\t<\/div>\n\t\t<\/div>\n\t\t\t\t<div class=\"elementor-column elementor-col-33 elementor-top-column elementor-element elementor-element-708b0cb\" data-id=\"708b0cb\" data-element_type=\"column\" data-e-type=\"column\">\n\t\t\t<div class=\"elementor-widget-wrap elementor-element-populated\">\n\t\t\t\t\t\t<div class=\"elementor-element elementor-element-5bfa6bca elementor-widget elementor-widget-image\" data-id=\"5bfa6bca\" data-element_type=\"widget\" data-e-type=\"widget\" data-widget_type=\"image.default\">\n\t\t\t\t\t\t\t\t\t\t\t\t\t\t\t<img fetchpriority=\"high\" decoding=\"async\" width=\"768\" height=\"1024\" src=\"https:\/\/caisdofado.pt\/wp-content\/uploads\/2025\/08\/1-4-768x1024.webp\" class=\"attachment-large size-large wp-image-7201\" alt=\"\" srcset=\"https:\/\/caisdofado.pt\/wp-content\/uploads\/2025\/08\/1-4-768x1024.webp 768w, https:\/\/caisdofado.pt\/wp-content\/uploads\/2025\/08\/1-4-112x150.webp 112w, https:\/\/caisdofado.pt\/wp-content\/uploads\/2025\/08\/1-4-600x800.webp 600w, https:\/\/caisdofado.pt\/wp-content\/uploads\/2025\/08\/1-4-225x300.webp 225w, https:\/\/caisdofado.pt\/wp-content\/uploads\/2025\/08\/1-4-780x1040.webp 780w, https:\/\/caisdofado.pt\/wp-content\/uploads\/2025\/08\/1-4-550x734.webp 550w, https:\/\/caisdofado.pt\/wp-content\/uploads\/2025\/08\/1-4-370x493.webp 370w, https:\/\/caisdofado.pt\/wp-content\/uploads\/2025\/08\/1-4-255x340.webp 255w, https:\/\/caisdofado.pt\/wp-content\/uploads\/2025\/08\/1-4.webp 1052w\" sizes=\"(max-width: 768px) 100vw, 768px\" \/>\t\t\t\t\t\t\t\t\t\t\t\t\t\t\t<\/div>\n\t\t\t\t\t<\/div>\n\t\t<\/div>\n\t\t\t\t\t<\/div>\n\t\t<\/section>\n\t\t<div class=\"elementor-element elementor-element-a704b5b e-con-full e-flex e-con e-parent\" data-id=\"a704b5b\" data-element_type=\"container\" data-e-type=\"container\">\n\t\t\t\t<div class=\"elementor-element elementor-element-108426e elementor-widget elementor-widget-google_maps\" data-id=\"108426e\" data-element_type=\"widget\" data-e-type=\"widget\" data-widget_type=\"google_maps.default\">\n\t\t\t\t\t\t\t<div class=\"elementor-custom-embed\">\n\t\t\t<iframe\n\t\t\t\t\tdata-src=\"https:\/\/maps.google.com\/maps?q=Av.%20de%20Diogo%20Leite%20108%201%C2%BA%20Andar%2C%204400-111%20Vila%20Nova%20de%20Gaia%2C%20Portugal&#038;t=m&#038;z=14&#038;output=embed&#038;iwloc=near\"\n\t\t\t\t\ttitle=\"Av. de Diogo Leite 108 1\u00ba Andar, 4400-111 Vila Nova de Gaia, Portugal\"\n\t\t\t\t\taria-label=\"Av. de Diogo Leite 108 1\u00ba Andar, 4400-111 Vila Nova de Gaia, Portugal\"\n\t\t\t src=\"data:image\/svg+xml;base64,PHN2ZyB3aWR0aD0iMSIgaGVpZ2h0PSIxIiB4bWxucz0iaHR0cDovL3d3dy53My5vcmcvMjAwMC9zdmciPjwvc3ZnPg==\" class=\"lazyload\" data-load-mode=\"1\"><\/iframe>\n\t\t<\/div>\n\t\t\t\t\t\t<\/div>\n\t\t\t\t<\/div>\n\t\t\t\t<section class=\"elementor-section elementor-top-section elementor-element elementor-element-52fd65fb pt-section-content-fullwidth elementor-section-full_width elementor-section-height-default elementor-section-height-default\" data-id=\"52fd65fb\" data-element_type=\"section\" data-e-type=\"section\" id=\"formcontact\" data-settings=\"{&quot;background_background&quot;:&quot;classic&quot;}\">\n\t\t\t\t\t\t<div class=\"elementor-container elementor-column-gap-no\">\n\t\t\t\t\t<div class=\"elementor-column elementor-col-50 elementor-top-column elementor-element elementor-element-181a9750\" data-id=\"181a9750\" data-element_type=\"column\" data-e-type=\"column\">\n\t\t\t<div class=\"elementor-widget-wrap elementor-element-populated\">\n\t\t\t\t\t\t<div class=\"elementor-element elementor-element-18c882a6 elementor-widget elementor-widget-pt_title\" data-id=\"18c882a6\" data-element_type=\"widget\" data-e-type=\"widget\" data-widget_type=\"pt_title.default\">\n\t\t\t\t<div class=\"elementor-widget-container\">\n\t\t\t\t\t\n        <div class=\"pt-title-wrap\">\t            <div class=\"pt-subtitle-wrap\"><span class=\"pt-subtitle\">H\u00e1blenos<\/span><\/div>\t            <h5 class=\"pt-title\">\n\t                Cont\u00e1ctenos\t            <\/h5>\t            <div class=\"pt-title-text\">\n\t                <p>Para dudas generales y citas,<br>env\u00ede un correo electr\u00f3nico a: <a href=\"mailto:caisdofado@gmail.com\">caisdofado@gmail.com<\/a><\/p><div> <\/div><p>O v\u00eda WhatsApp<\/p><p>Tel: <a href=\"tel:+351935042888\">+351 935 042 888<\/a><\/p><p>Horario comercial:<br>Lun \u2013 Dom: 10:30 \u2013 21:30<\/p>\t            <\/div>        <\/div>\t\t\t\t<\/div>\n\t\t\t\t<\/div>\n\t\t\t\t\t<\/div>\n\t\t<\/div>\n\t\t\t\t<div class=\"elementor-column elementor-col-50 elementor-top-column elementor-element elementor-element-e874b05\" data-id=\"e874b05\" data-element_type=\"column\" data-e-type=\"column\">\n\t\t\t<div class=\"elementor-widget-wrap elementor-element-populated\">\n\t\t\t\t\t\t<div class=\"elementor-element elementor-element-1f20a084 elementor-widget elementor-widget-pt_form_cf7\" data-id=\"1f20a084\" data-element_type=\"widget\" data-e-type=\"widget\" data-widget_type=\"pt_form_cf7.default\">\n\t\t\t\t<div class=\"elementor-widget-container\">\n\t\t\t\t\t            <div class=\"pt-form-cf7 placeholder-normal\">\n                <div class=\"pt-form-cf7-wrap\">\n<div class=\"wpcf7 no-js\" id=\"wpcf7-f4836-o1\" lang=\"pt-PT\" dir=\"ltr\" data-wpcf7-id=\"4836\">\n<div class=\"screen-reader-response\"><p role=\"status\" aria-live=\"polite\" aria-atomic=\"true\"><\/p> <ul><\/ul><\/div>\n<form action=\"\/es\/wp-json\/wp\/v2\/pages\/7202#wpcf7-f4836-o1\" method=\"post\" class=\"wpcf7-form init\" aria-label=\"Formul\u00e1rio de contacto\" novalidate=\"novalidate\" data-status=\"init\">\n<fieldset class=\"hidden-fields-container\"><input type=\"hidden\" name=\"_wpcf7\" value=\"4836\" \/><input type=\"hidden\" name=\"_wpcf7_version\" value=\"6.1.5\" \/><input type=\"hidden\" name=\"_wpcf7_locale\" value=\"pt_PT\" \/><input type=\"hidden\" name=\"_wpcf7_unit_tag\" value=\"wpcf7-f4836-o1\" \/><input type=\"hidden\" name=\"_wpcf7_container_post\" value=\"0\" \/><input type=\"hidden\" name=\"_wpcf7_posted_data_hash\" value=\"\" \/>\n<\/fieldset>\n<div class=\"row\">\n\t<div class=\"col-1-2\">\n\t\t<p><label> Nome*<br \/>\n<span class=\"wpcf7-form-control-wrap\" data-name=\"your-name\"><input size=\"40\" maxlength=\"400\" class=\"wpcf7-form-control wpcf7-text wpcf7-validates-as-required\" aria-required=\"true\" aria-invalid=\"false\" value=\"\" type=\"text\" name=\"your-name\" \/><\/span> <\/label>\n\t\t<\/p>\n\t<\/div>\n\t<div class=\"col-1-2\">\n\t\t<p><label> Email*<br \/>\n<span class=\"wpcf7-form-control-wrap\" data-name=\"your-email\"><input size=\"40\" maxlength=\"400\" class=\"wpcf7-form-control wpcf7-email wpcf7-validates-as-required wpcf7-text wpcf7-validates-as-email\" aria-required=\"true\" aria-invalid=\"false\" value=\"\" type=\"email\" name=\"your-email\" \/><\/span> <\/label>\n\t\t<\/p>\n\t<\/div>\n<\/div>\n<p><label> Assunto*<br \/>\n<span class=\"wpcf7-form-control-wrap\" data-name=\"your-subject\"><input size=\"40\" maxlength=\"400\" class=\"wpcf7-form-control wpcf7-text wpcf7-validates-as-required\" aria-required=\"true\" aria-invalid=\"false\" value=\"\" type=\"text\" name=\"your-subject\" \/><\/span> <\/label>\n<\/p>\n<p><label> A sua mensagem*<br \/>\n<span class=\"wpcf7-form-control-wrap\" data-name=\"your-message\"><textarea cols=\"40\" rows=\"10\" maxlength=\"2000\" class=\"wpcf7-form-control wpcf7-textarea wpcf7-validates-as-required\" aria-required=\"true\" aria-invalid=\"false\" name=\"your-message\"><\/textarea><\/span> <\/label>\n<\/p>\n<p><input class=\"wpcf7-form-control wpcf7-submit has-spinner\" type=\"submit\" value=\"Enviar\" \/>\n<\/p><div class=\"wpcf7-response-output\" aria-hidden=\"true\"><\/div>\n<\/form>\n<\/div>\n<\/div>\n            <\/div>\t\t\t\t<\/div>\n\t\t\t\t<\/div>\n\t\t\t\t\t<\/div>\n\t\t<\/div>\n\t\t\t\t\t<\/div>\n\t\t<\/section>\n\t\t\t\t<\/div>\n\t\t","protected":false},"excerpt":{"rendered":"<p>Contactos Nuestra ubicaci\u00f3n D\u00f3nde Encontrarnos Situados en el emblem\u00e1tico Club Fluvial Portuense, junto a las tranquilas orillas del r\u00edo Duero, ofrecemos un refugio donde el Fado se despliega en su esencia m\u00e1s pura y emotiva. Con una vista encantadora sobre la majestuosa ciudad de Oporto y el suave murmullo del r\u00edo, este espacio se transforma &#8230;<\/p>\n","protected":false},"author":1,"featured_media":0,"parent":0,"menu_order":0,"comment_status":"closed","ping_status":"closed","template":"template-wide-content.php","meta":{"patiotime_single_page_hide_site_header":"","patiotime_single_page_site_header_source":"","patiotime_single_page_custom_site_header":"0","patiotime_single_page_custom_sticky_site_header":"0","patiotime_single_page_custom_page_title_margin_top_source":"","patiotime_single_page_custom_page_title_desktop_margin_top":"","patiotime_single_page_custom_page_title_tablet_margin_top":"","patiotime_single_page_custom_page_title_mobile_margin_top":"","patiotime_single_page_hide_page_title":"","patiotime_single_page_header_section_size":"","patiotime_single_page_header_background_color":"","patiotime_single_page_header_background_position_x":"center","patiotime_single_page_header_background_position_y":"center","patiotime_single_page_header_background_size":"cover","patiotime_single_page_header_background_repeat":"off","patiotime_single_page_header_background_scroll":"on","patiotime_single_page_header_text_color":"","patiotime_single_page_header_show_breadcrumb":"","patiotime_single_page_site_footer_hide_main":"","patiotime_single_custom_site_footer_main_source":"","patiotime_single_custom_site_footer_main":"0","patiotime_single_page_site_footer_hide_above":"","patiotime_single_custom_site_footer_above_source":"","patiotime_single_custom_site_footer_above":"0","patiotime_single_page_site_footer_hide_instagram":"","patiotime_single_page_site_footer_hide_bottom":"","patiotime_single_custom_mobile_menu_source":"","patiotime_single_custom_mobile_menu":"0","patiotime_single_custom_mobile_menu_animation":"","patiotime_single_custom_mobile_menu_width":"","patiotime_single_custom_mobile_menu_custom_width":375,"footnotes":""},"class_list":["post-7202","page","type-page","status-publish","hentry"],"_hostinger_reach_plugin_has_subscription_block":false,"_hostinger_reach_plugin_is_elementor":false,"_links":{"self":[{"href":"https:\/\/caisdofado.pt\/es\/wp-json\/wp\/v2\/pages\/7202","targetHints":{"allow":["GET"]}}],"collection":[{"href":"https:\/\/caisdofado.pt\/es\/wp-json\/wp\/v2\/pages"}],"about":[{"href":"https:\/\/caisdofado.pt\/es\/wp-json\/wp\/v2\/types\/page"}],"author":[{"embeddable":true,"href":"https:\/\/caisdofado.pt\/es\/wp-json\/wp\/v2\/users\/1"}],"replies":[{"embeddable":true,"href":"https:\/\/caisdofado.pt\/es\/wp-json\/wp\/v2\/comments?post=7202"}],"version-history":[{"count":1,"href":"https:\/\/caisdofado.pt\/es\/wp-json\/wp\/v2\/pages\/7202\/revisions"}],"predecessor-version":[{"id":7205,"href":"https:\/\/caisdofado.pt\/es\/wp-json\/wp\/v2\/pages\/7202\/revisions\/7205"}],"wp:attachment":[{"href":"https:\/\/caisdofado.pt\/es\/wp-json\/wp\/v2\/media?parent=7202"}],"curies":[{"name":"wp","href":"https:\/\/api.w.org\/{rel}","templated":true}]}}