{"id":7059,"date":"2025-08-12T12:12:06","date_gmt":"2025-08-12T12:12:06","guid":{"rendered":"https:\/\/caisdofado.pt\/concerts\/"},"modified":"2025-11-11T19:34:22","modified_gmt":"2025-11-11T19:34:22","slug":"concerts","status":"publish","type":"page","link":"https:\/\/caisdofado.pt\/fr\/concerts\/","title":{"rendered":"Concerts"},"content":{"rendered":"\t\t<div data-elementor-type=\"wp-page\" data-elementor-id=\"7059\" class=\"elementor elementor-7059 elementor-6553\">\n\t\t\t\t\t\t<section class=\"elementor-section elementor-top-section elementor-element elementor-element-4d32641e pt-section-content-fullwidth pt_scroll_y_120 pt-parallax-on-scroll elementor-section-boxed elementor-section-height-default elementor-section-height-default\" data-id=\"4d32641e\" data-element_type=\"section\" data-e-type=\"section\" data-settings=\"{&quot;background_background&quot;:&quot;classic&quot;}\" data-pt-parallax-y=\"120\" style=\"background-image: none;\" data-pt-background-image=\"https:\/\/caisdofado.pt\/wp-content\/uploads\/2025\/08\/DSC5253_site.webp\">\n\t\t\t\t\t\t\t<div class=\"elementor-background-overlay\"><\/div>\n\t\t\t\t\t\t\t<div class=\"elementor-container elementor-column-gap-no\">\n\t\t\t\t\t<div class=\"elementor-column elementor-col-100 elementor-top-column elementor-element elementor-element-156f2740 dark-color\" data-id=\"156f2740\" data-element_type=\"column\" data-e-type=\"column\">\n\t\t\t<div class=\"elementor-widget-wrap elementor-element-populated\">\n\t\t\t\t\t\t<div class=\"elementor-element elementor-element-61378f01 elementor-widget elementor-widget-pt_title\" data-id=\"61378f01\" data-element_type=\"widget\" data-e-type=\"widget\" data-widget_type=\"pt_title.default\">\n\t\t\t\t<div class=\"elementor-widget-container\">\n\t\t\t\t\t\n        <div class=\"pt-title-wrap text-center\">\t            <h1 class=\"pt-title\">\n\t                Nos Concerts\t            <\/h1>        <\/div>\t\t\t\t<\/div>\n\t\t\t\t<\/div>\n\t\t\t\t\t<\/div>\n\t\t<\/div>\n\t\t\t\t\t<\/div>\n\t\t<\/section>\n\t\t\t\t<section class=\"elementor-section elementor-top-section elementor-element elementor-element-3393b5c4 pt-animation-medium-offset elementor-section-boxed elementor-section-height-default elementor-section-height-default elementor-invisible\" data-id=\"3393b5c4\" data-element_type=\"section\" data-e-type=\"section\" data-settings=\"{&quot;animation&quot;:&quot;fadeInUp&quot;}\">\n\t\t\t\t\t\t<div class=\"elementor-container elementor-column-gap-no\">\n\t\t\t\t\t<div class=\"elementor-column elementor-col-25 elementor-top-column elementor-element elementor-element-1a262d5d\" data-id=\"1a262d5d\" data-element_type=\"column\" data-e-type=\"column\">\n\t\t\t<div class=\"elementor-widget-wrap elementor-element-populated\">\n\t\t\t\t\t\t<div class=\"elementor-element elementor-element-3431e610 elementor-widget elementor-widget-image\" data-id=\"3431e610\" data-element_type=\"widget\" data-e-type=\"widget\" data-widget_type=\"image.default\">\n\t\t\t\t\t\t\t\t\t\t\t\t\t\t\t<img fetchpriority=\"high\" decoding=\"async\" width=\"665\" height=\"1024\" src=\"https:\/\/caisdofado.pt\/wp-content\/uploads\/2025\/08\/1-1-665x1024.webp\" class=\"attachment-large size-large wp-image-7035\" alt=\"\" srcset=\"https:\/\/caisdofado.pt\/wp-content\/uploads\/2025\/08\/1-1-665x1024.webp 665w, https:\/\/caisdofado.pt\/wp-content\/uploads\/2025\/08\/1-1-97x150.webp 97w, https:\/\/caisdofado.pt\/wp-content\/uploads\/2025\/08\/1-1-600x924.webp 600w, https:\/\/caisdofado.pt\/wp-content\/uploads\/2025\/08\/1-1-195x300.webp 195w, https:\/\/caisdofado.pt\/wp-content\/uploads\/2025\/08\/1-1-768x1182.webp 768w, https:\/\/caisdofado.pt\/wp-content\/uploads\/2025\/08\/1-1-998x1536.webp 998w, https:\/\/caisdofado.pt\/wp-content\/uploads\/2025\/08\/1-1-780x1201.webp 780w, https:\/\/caisdofado.pt\/wp-content\/uploads\/2025\/08\/1-1-550x847.webp 550w, https:\/\/caisdofado.pt\/wp-content\/uploads\/2025\/08\/1-1-370x570.webp 370w, https:\/\/caisdofado.pt\/wp-content\/uploads\/2025\/08\/1-1-255x393.webp 255w, https:\/\/caisdofado.pt\/wp-content\/uploads\/2025\/08\/1-1.webp 1036w\" sizes=\"(max-width: 665px) 100vw, 665px\" \/>\t\t\t\t\t\t\t\t\t\t\t\t\t\t\t<\/div>\n\t\t\t\t\t<\/div>\n\t\t<\/div>\n\t\t\t\t<div class=\"elementor-column elementor-col-25 elementor-top-column elementor-element elementor-element-74b80730 elementor-hidden-mobile\" data-id=\"74b80730\" data-element_type=\"column\" data-e-type=\"column\">\n\t\t\t<div class=\"elementor-widget-wrap elementor-element-populated\">\n\t\t\t\t\t\t<div class=\"elementor-element elementor-element-282ae5eb full-height elementor-widget elementor-widget-pt_vertical_divider\" data-id=\"282ae5eb\" data-element_type=\"widget\" data-e-type=\"widget\" data-widget_type=\"pt_vertical_divider.default\">\n\t\t\t\t<div class=\"elementor-widget-container\">\n\t\t\t\t\t\n        <div class=\"pt-vertical-divider divider-grass\">                <div class=\"pt-vd-icon icon-start\">                    <svg xmlns=\"http:\/\/www.w3.org\/2000\/svg\" viewBox=\"0 0 31.06 29.67\">\n                        <path d=\"M36.53,21.85,31.78,18s-7.5.83-9.68,16.39C22.1,34.34,25.7,21.66,36.53,21.85Z\" transform=\"translate(-5.47 -4.66)\"><\/path>\n                        <path class=\"cls-1\" d=\"M5.47,21.85,10.22,18s7.5.83,9.68,16.39C19.9,34.34,16.3,21.66,5.47,21.85Z\" transform=\"translate(-5.47 -4.66)\"><\/path>\n                        <polygon class=\"cls-1\" points=\"15.53 0 18.66 6.56 15.53 22.16 12.39 6.56 15.53 0\"><\/polygon>\n                    <\/svg>                <\/div>            <div class=\"pt-vd-line\"><\/div>                <div class=\"pt-vd-icon icon-end\">                    <svg xmlns=\"http:\/\/www.w3.org\/2000\/svg\" viewBox=\"0 0 31.06 29.67\">\n                        <path d=\"M36.53,21.85,31.78,18s-7.5.83-9.68,16.39C22.1,34.34,25.7,21.66,36.53,21.85Z\" transform=\"translate(-5.47 -4.66)\"><\/path>\n                        <path class=\"cls-1\" d=\"M5.47,21.85,10.22,18s7.5.83,9.68,16.39C19.9,34.34,16.3,21.66,5.47,21.85Z\" transform=\"translate(-5.47 -4.66)\"><\/path>\n                        <polygon class=\"cls-1\" points=\"15.53 0 18.66 6.56 15.53 22.16 12.39 6.56 15.53 0\"><\/polygon>\n                    <\/svg>                <\/div>        <\/div>\t\t\t\t<\/div>\n\t\t\t\t<\/div>\n\t\t\t\t\t<\/div>\n\t\t<\/div>\n\t\t\t\t<div class=\"elementor-column elementor-col-50 elementor-top-column elementor-element elementor-element-5d891c98\" data-id=\"5d891c98\" data-element_type=\"column\" data-e-type=\"column\">\n\t\t\t<div class=\"elementor-widget-wrap elementor-element-populated\">\n\t\t\t\t\t\t<div class=\"elementor-element elementor-element-5cdce095 elementor-widget elementor-widget-pt_title\" data-id=\"5cdce095\" data-element_type=\"widget\" data-e-type=\"widget\" data-widget_type=\"pt_title.default\">\n\t\t\t\t<div class=\"elementor-widget-container\">\n\t\t\t\t\t\n        <div class=\"pt-title-wrap text-center-mobile\">\t            <div class=\"pt-subtitle-wrap\"><span class=\"pt-subtitle\">S\u00e9ance Quotidienne<\/span><\/div>\t            <h5 class=\"pt-title\">\n\t                Concert de Fado\t            <\/h5>\t            <div class=\"pt-title-text\">\n\t                <p>Vivez le Fado \u00e0 chaque note, \u00e0 chaque mot, dans un cadre unique avec une vue imprenable sur le Douro.<\/p><p>Dans une atmosph\u00e8re intime et chaleureuse, nos concerts offrent une exp\u00e9rience authentique o\u00f9 la musique exprime l\u2019\u00e2me du Portugal. Chaque repr\u00e9sentation, accompagn\u00e9e du son de la guitare portugaise et de la voix profonde du fadiste, c\u00e9l\u00e8bre la tradition avec \u00e9motion et sinc\u00e9rit\u00e9.<br \/>Une occasion de ressentir toute l\u2019essence du Fado, o\u00f9 la musique, la passion et la culture se rejoignent pour cr\u00e9er des moments inoubliables.<\/p>\t            <\/div>                <div class=\"pt-title-btn\">\n                    <a class=\"button elementor-button-link\" role=\"button\" href=\"https:\/\/caisdofado.pt\/fr\/Billetterie\/\">\n                        <span class=\"pt-btn-text\">R\u00e9server maintenant<\/span>\n                    <\/a>\n                <\/div>\n                    <\/div>\t\t\t\t<\/div>\n\t\t\t\t<\/div>\n\t\t\t\t\t<\/div>\n\t\t<\/div>\n\t\t\t\t\t<\/div>\n\t\t<\/section>\n\t\t\t\t<section class=\"elementor-section elementor-top-section elementor-element elementor-element-ecab5e9 pt-animation-medium-offset elementor-section-boxed elementor-section-height-default elementor-section-height-default elementor-invisible\" data-id=\"ecab5e9\" data-element_type=\"section\" data-e-type=\"section\" data-settings=\"{&quot;animation&quot;:&quot;fadeInUp&quot;}\">\n\t\t\t\t\t\t<div class=\"elementor-container elementor-column-gap-no\">\n\t\t\t\t\t<div class=\"elementor-column elementor-col-25 elementor-top-column elementor-element elementor-element-4c8b2f7\" data-id=\"4c8b2f7\" data-element_type=\"column\" data-e-type=\"column\">\n\t\t\t<div class=\"elementor-widget-wrap elementor-element-populated\">\n\t\t\t\t\t\t<div class=\"elementor-element elementor-element-8fbe1bf elementor-widget elementor-widget-pt_title\" data-id=\"8fbe1bf\" data-element_type=\"widget\" data-e-type=\"widget\" data-widget_type=\"pt_title.default\">\n\t\t\t\t<div class=\"elementor-widget-container\">\n\t\t\t\t\t\n        <div class=\"pt-title-wrap text-center-mobile\">\t            <div class=\"pt-subtitle-wrap\"><span class=\"pt-subtitle\">Guitare Portugaise<\/span><\/div>\t            <h5 class=\"pt-title\">\n\t                Concerts pour Groupes\t            <\/h5>\t            <div class=\"pt-title-text\">\n\t                <p>Pour ceux qui valorisent la culture portugaise, nous proposons des concerts priv\u00e9s \u00e0 des horaires flexibles, adapt\u00e9s aux besoins de chaque groupe.<br \/>Lors de ces moments exclusifs, l\u2019\u00e2me du Fado prend vie avec toute l\u2019intensit\u00e9 et la passion qui la caract\u00e9risent.<br \/>Nous offrons \u00e9galement des conditions sp\u00e9ciales, incluant une r\u00e9duction de 10 % pour les groupes de dix personnes ou plus, afin de garantir une exp\u00e9rience inoubliable, entre tradition, \u00e9motion et divertissement.<\/p><p>Pour plus d&rsquo;infos, contactez-nous.<br \/>S\u00e9ances : 17h30 | 19h00 | 21h00<\/p><p><style>\n  .contact-list {<br \/>    font-family: inherit;<br \/>    line-height: 1.6;<br \/>    max-width: 700px;<br \/>  }<br \/>  .contact-item {<br \/>    display: flex;<br \/>    gap: 0.8rem;<br \/>    align-items: center; \/* \ud83d\udd39 Centraliza \u00edcone com texto *\/<br \/>    margin: 0.6rem 0;<br \/>  }<br \/>  .contact-item .icon {<br \/>    width: 20px;<br \/>    height: 20px;<br \/>    flex-shrink: 0;<br \/>    opacity: 0.9;<br \/>  }<br \/>  .contact-item a {<br \/>    color: inherit;<br \/>    text-decoration: none;<br \/>  }<br \/>  .contact-item a:hover {<br \/>    text-decoration: underline;<br \/>  }<br \/>  .contact-item address {<br \/>    font-style: normal;<br \/>    margin: 0;<br \/>  }<br \/><\/style><\/p><div class=\"contact-list\"><p><!-- Endere\u00e7o --><\/p><div class=\"contact-item\"><address><a href=\"https:\/\/maps.google.com\/?q=Avenida%20Diogo%20Leite%20108%2C%204400-111%20Santa%20Marinha%2C%20Vila%20Nova%20de%20Gaia%20-%20Clube%20Fluvial%20Portuense\" target=\"_blank\" rel=\"noopener\"><br \/>Adresse : Avenida Diogo Leite n\u00ba 406, 4400-111 Santa Marinha, Vila Nova de Gaia \u2013 Clube Fluvial Portuense<br \/><\/a><\/address><\/div><p><!-- Telefone --><\/p><div class=\"contact-item\"><p><a href=\"tel:+351935042888\">+351 935042888<\/a><\/p><\/div><p><!-- Email --><\/p><div class=\"contact-item\"><p><a href=\"mailto:caisdofado@gmail.com\">caisdofado@gmail.com<\/a><\/p><\/div><\/div>\t            <\/div>                <div class=\"pt-title-btn\">\n                    <a class=\"button elementor-button-link\" role=\"button\" href=\"https:\/\/caisdofado.pt\/fr\/contacts\/\">\n                        <span class=\"pt-btn-text\">Contacter<\/span>\n                    <\/a>\n                <\/div>\n                    <\/div>\t\t\t\t<\/div>\n\t\t\t\t<\/div>\n\t\t\t\t\t<\/div>\n\t\t<\/div>\n\t\t\t\t<div class=\"elementor-column elementor-col-25 elementor-top-column elementor-element elementor-element-e1dd504 elementor-hidden-mobile\" data-id=\"e1dd504\" data-element_type=\"column\" data-e-type=\"column\">\n\t\t\t<div class=\"elementor-widget-wrap elementor-element-populated\">\n\t\t\t\t\t\t<div class=\"elementor-element elementor-element-001f92d full-height elementor-widget elementor-widget-pt_vertical_divider\" data-id=\"001f92d\" data-element_type=\"widget\" data-e-type=\"widget\" data-widget_type=\"pt_vertical_divider.default\">\n\t\t\t\t<div class=\"elementor-widget-container\">\n\t\t\t\t\t\n        <div class=\"pt-vertical-divider divider-grass\">                <div class=\"pt-vd-icon icon-start\">                    <svg xmlns=\"http:\/\/www.w3.org\/2000\/svg\" viewBox=\"0 0 31.06 29.67\">\n                        <path d=\"M36.53,21.85,31.78,18s-7.5.83-9.68,16.39C22.1,34.34,25.7,21.66,36.53,21.85Z\" transform=\"translate(-5.47 -4.66)\"><\/path>\n                        <path class=\"cls-1\" d=\"M5.47,21.85,10.22,18s7.5.83,9.68,16.39C19.9,34.34,16.3,21.66,5.47,21.85Z\" transform=\"translate(-5.47 -4.66)\"><\/path>\n                        <polygon class=\"cls-1\" points=\"15.53 0 18.66 6.56 15.53 22.16 12.39 6.56 15.53 0\"><\/polygon>\n                    <\/svg>                <\/div>            <div class=\"pt-vd-line\"><\/div>                <div class=\"pt-vd-icon icon-end\">                    <svg xmlns=\"http:\/\/www.w3.org\/2000\/svg\" viewBox=\"0 0 31.06 29.67\">\n                        <path d=\"M36.53,21.85,31.78,18s-7.5.83-9.68,16.39C22.1,34.34,25.7,21.66,36.53,21.85Z\" transform=\"translate(-5.47 -4.66)\"><\/path>\n                        <path class=\"cls-1\" d=\"M5.47,21.85,10.22,18s7.5.83,9.68,16.39C19.9,34.34,16.3,21.66,5.47,21.85Z\" transform=\"translate(-5.47 -4.66)\"><\/path>\n                        <polygon class=\"cls-1\" points=\"15.53 0 18.66 6.56 15.53 22.16 12.39 6.56 15.53 0\"><\/polygon>\n                    <\/svg>                <\/div>        <\/div>\t\t\t\t<\/div>\n\t\t\t\t<\/div>\n\t\t\t\t\t<\/div>\n\t\t<\/div>\n\t\t\t\t<div class=\"elementor-column elementor-col-50 elementor-top-column elementor-element elementor-element-75caf52\" data-id=\"75caf52\" data-element_type=\"column\" data-e-type=\"column\">\n\t\t\t<div class=\"elementor-widget-wrap elementor-element-populated\">\n\t\t\t\t\t\t<div class=\"elementor-element elementor-element-8bcd6a5 elementor-widget elementor-widget-image\" data-id=\"8bcd6a5\" data-element_type=\"widget\" data-e-type=\"widget\" data-widget_type=\"image.default\">\n\t\t\t\t\t\t\t\t\t\t\t\t\t\t\t<img decoding=\"async\" width=\"768\" height=\"1024\" data-src=\"https:\/\/caisdofado.pt\/wp-content\/uploads\/2025\/08\/2-1-768x1024.webp\" class=\"attachment-large size-large wp-image-7036 lazyload\" alt=\"\" data-srcset=\"https:\/\/caisdofado.pt\/wp-content\/uploads\/2025\/08\/2-1-768x1024.webp 768w, https:\/\/caisdofado.pt\/wp-content\/uploads\/2025\/08\/2-1-112x150.webp 112w, https:\/\/caisdofado.pt\/wp-content\/uploads\/2025\/08\/2-1-600x800.webp 600w, https:\/\/caisdofado.pt\/wp-content\/uploads\/2025\/08\/2-1-225x300.webp 225w, https:\/\/caisdofado.pt\/wp-content\/uploads\/2025\/08\/2-1-780x1040.webp 780w, https:\/\/caisdofado.pt\/wp-content\/uploads\/2025\/08\/2-1-550x734.webp 550w, https:\/\/caisdofado.pt\/wp-content\/uploads\/2025\/08\/2-1-370x493.webp 370w, https:\/\/caisdofado.pt\/wp-content\/uploads\/2025\/08\/2-1-255x340.webp 255w, https:\/\/caisdofado.pt\/wp-content\/uploads\/2025\/08\/2-1.webp 1052w\" data-sizes=\"(max-width: 768px) 100vw, 768px\" src=\"data:image\/svg+xml;base64,PHN2ZyB3aWR0aD0iMSIgaGVpZ2h0PSIxIiB4bWxucz0iaHR0cDovL3d3dy53My5vcmcvMjAwMC9zdmciPjwvc3ZnPg==\" style=\"--smush-placeholder-width: 768px; --smush-placeholder-aspect-ratio: 768\/1024;\" \/>\t\t\t\t\t\t\t\t\t\t\t\t\t\t\t<\/div>\n\t\t\t\t\t<\/div>\n\t\t<\/div>\n\t\t\t\t\t<\/div>\n\t\t<\/section>\n\t\t\t\t<section class=\"elementor-section elementor-top-section elementor-element elementor-element-24c0e97 pt-animation-medium-offset elementor-section-boxed elementor-section-height-default elementor-section-height-default elementor-invisible\" data-id=\"24c0e97\" data-element_type=\"section\" data-e-type=\"section\" data-settings=\"{&quot;animation&quot;:&quot;fadeInUp&quot;}\">\n\t\t\t\t\t\t<div class=\"elementor-container elementor-column-gap-no\">\n\t\t\t\t\t<div class=\"elementor-column elementor-col-25 elementor-top-column elementor-element elementor-element-f9e44ac\" data-id=\"f9e44ac\" data-element_type=\"column\" data-e-type=\"column\">\n\t\t\t<div class=\"elementor-widget-wrap elementor-element-populated\">\n\t\t\t\t\t\t<div class=\"elementor-element elementor-element-602bd77 elementor-widget elementor-widget-image\" data-id=\"602bd77\" data-element_type=\"widget\" data-e-type=\"widget\" data-widget_type=\"image.default\">\n\t\t\t\t\t\t\t\t\t\t\t\t\t\t\t<img decoding=\"async\" width=\"665\" height=\"1024\" data-src=\"https:\/\/caisdofado.pt\/wp-content\/uploads\/2025\/08\/3-1-665x1024.webp\" class=\"attachment-large size-large wp-image-7037 lazyload\" alt=\"\" data-srcset=\"https:\/\/caisdofado.pt\/wp-content\/uploads\/2025\/08\/3-1-665x1024.webp 665w, https:\/\/caisdofado.pt\/wp-content\/uploads\/2025\/08\/3-1-97x150.webp 97w, https:\/\/caisdofado.pt\/wp-content\/uploads\/2025\/08\/3-1-600x924.webp 600w, https:\/\/caisdofado.pt\/wp-content\/uploads\/2025\/08\/3-1-195x300.webp 195w, https:\/\/caisdofado.pt\/wp-content\/uploads\/2025\/08\/3-1-768x1182.webp 768w, https:\/\/caisdofado.pt\/wp-content\/uploads\/2025\/08\/3-1-998x1536.webp 998w, https:\/\/caisdofado.pt\/wp-content\/uploads\/2025\/08\/3-1-780x1201.webp 780w, https:\/\/caisdofado.pt\/wp-content\/uploads\/2025\/08\/3-1-550x847.webp 550w, https:\/\/caisdofado.pt\/wp-content\/uploads\/2025\/08\/3-1-370x570.webp 370w, https:\/\/caisdofado.pt\/wp-content\/uploads\/2025\/08\/3-1-255x393.webp 255w, https:\/\/caisdofado.pt\/wp-content\/uploads\/2025\/08\/3-1.webp 1036w\" data-sizes=\"(max-width: 665px) 100vw, 665px\" src=\"data:image\/svg+xml;base64,PHN2ZyB3aWR0aD0iMSIgaGVpZ2h0PSIxIiB4bWxucz0iaHR0cDovL3d3dy53My5vcmcvMjAwMC9zdmciPjwvc3ZnPg==\" style=\"--smush-placeholder-width: 665px; --smush-placeholder-aspect-ratio: 665\/1024;\" \/>\t\t\t\t\t\t\t\t\t\t\t\t\t\t\t<\/div>\n\t\t\t\t\t<\/div>\n\t\t<\/div>\n\t\t\t\t<div class=\"elementor-column elementor-col-25 elementor-top-column elementor-element elementor-element-53ca439 elementor-hidden-mobile\" data-id=\"53ca439\" data-element_type=\"column\" data-e-type=\"column\">\n\t\t\t<div class=\"elementor-widget-wrap elementor-element-populated\">\n\t\t\t\t\t\t<div class=\"elementor-element elementor-element-90230f4 full-height elementor-widget elementor-widget-pt_vertical_divider\" data-id=\"90230f4\" data-element_type=\"widget\" data-e-type=\"widget\" data-widget_type=\"pt_vertical_divider.default\">\n\t\t\t\t<div class=\"elementor-widget-container\">\n\t\t\t\t\t\n        <div class=\"pt-vertical-divider divider-grass\">                <div class=\"pt-vd-icon icon-start\">                    <svg xmlns=\"http:\/\/www.w3.org\/2000\/svg\" viewBox=\"0 0 31.06 29.67\">\n                        <path d=\"M36.53,21.85,31.78,18s-7.5.83-9.68,16.39C22.1,34.34,25.7,21.66,36.53,21.85Z\" transform=\"translate(-5.47 -4.66)\"><\/path>\n                        <path class=\"cls-1\" d=\"M5.47,21.85,10.22,18s7.5.83,9.68,16.39C19.9,34.34,16.3,21.66,5.47,21.85Z\" transform=\"translate(-5.47 -4.66)\"><\/path>\n                        <polygon class=\"cls-1\" points=\"15.53 0 18.66 6.56 15.53 22.16 12.39 6.56 15.53 0\"><\/polygon>\n                    <\/svg>                <\/div>            <div class=\"pt-vd-line\"><\/div>                <div class=\"pt-vd-icon icon-end\">                    <svg xmlns=\"http:\/\/www.w3.org\/2000\/svg\" viewBox=\"0 0 31.06 29.67\">\n                        <path d=\"M36.53,21.85,31.78,18s-7.5.83-9.68,16.39C22.1,34.34,25.7,21.66,36.53,21.85Z\" transform=\"translate(-5.47 -4.66)\"><\/path>\n                        <path class=\"cls-1\" d=\"M5.47,21.85,10.22,18s7.5.83,9.68,16.39C19.9,34.34,16.3,21.66,5.47,21.85Z\" transform=\"translate(-5.47 -4.66)\"><\/path>\n                        <polygon class=\"cls-1\" points=\"15.53 0 18.66 6.56 15.53 22.16 12.39 6.56 15.53 0\"><\/polygon>\n                    <\/svg>                <\/div>        <\/div>\t\t\t\t<\/div>\n\t\t\t\t<\/div>\n\t\t\t\t\t<\/div>\n\t\t<\/div>\n\t\t\t\t<div class=\"elementor-column elementor-col-50 elementor-top-column elementor-element elementor-element-9e85dcb\" data-id=\"9e85dcb\" data-element_type=\"column\" data-e-type=\"column\">\n\t\t\t<div class=\"elementor-widget-wrap elementor-element-populated\">\n\t\t\t\t\t\t<div class=\"elementor-element elementor-element-490cfe8 elementor-widget elementor-widget-pt_title\" data-id=\"490cfe8\" data-element_type=\"widget\" data-e-type=\"widget\" data-widget_type=\"pt_title.default\">\n\t\t\t\t<div class=\"elementor-widget-container\">\n\t\t\t\t\t\n        <div class=\"pt-title-wrap text-center-mobile\">\t            <div class=\"pt-subtitle-wrap\"><span class=\"pt-subtitle\">Allons Plus Loin<\/span><\/div>\t            <h5 class=\"pt-title\">\n\t                Fado Hors les Murs\t            <\/h5>\t            <div class=\"pt-title-text\">\n\t                <p>Emportez l\u2019essence et l\u2019\u00e9motion du Fado au-del\u00e0 de nos murs gr\u00e2ce \u00e0 des concerts personnalis\u00e9s pour tous types d\u2019\u00e9v\u00e9nements.<\/p><p>Chaque spectacle est soigneusement con\u00e7u pour refl\u00e9ter la nature et la profondeur du Fado, tout en pr\u00e9servant son authenticit\u00e9 et la richesse de la culture portugaise.<br \/>Qu\u2019il s\u2019agisse d\u2019\u00e9v\u00e9nements d\u2019entreprise, de soir\u00e9es culturelles ou de c\u00e9l\u00e9brations priv\u00e9es, nous offrons une exp\u00e9rience unique et m\u00e9morable qui transporte le public au c\u0153ur de la tradition portugaise.<\/p><p>Pour plus d\u2019informations :<\/p>\t            <\/div>                <div class=\"pt-title-btn\">\n                    <a class=\"button elementor-button-link\" role=\"button\" href=\"https:\/\/caisdofado.pt\/fr\/contacts\/\">\n                        <span class=\"pt-btn-text\">Contacter<\/span>\n                    <\/a>\n                <\/div>\n                    <\/div>\t\t\t\t<\/div>\n\t\t\t\t<\/div>\n\t\t\t\t\t<\/div>\n\t\t<\/div>\n\t\t\t\t\t<\/div>\n\t\t<\/section>\n\t\t\t\t<section class=\"elementor-section elementor-top-section elementor-element elementor-element-3c6cee6d pt-section-content-fullwidth pt_scroll_y_120 pt-parallax-on-scroll elementor-section-boxed elementor-section-height-default elementor-section-height-default\" data-id=\"3c6cee6d\" data-element_type=\"section\" data-e-type=\"section\" data-settings=\"{&quot;background_background&quot;:&quot;classic&quot;}\" data-pt-parallax-y=\"120\" style=\"background-image: none;\" data-pt-background-image=\"https:\/\/caisdofado.pt\/wp-content\/uploads\/2025\/08\/DSC07757-1-scaled.webp\">\n\t\t\t\t\t\t\t<div class=\"elementor-background-overlay\"><\/div>\n\t\t\t\t\t\t\t<div class=\"elementor-container elementor-column-gap-no\">\n\t\t\t\t\t<div class=\"elementor-column elementor-col-100 elementor-top-column elementor-element elementor-element-1ab6b091 dark-color\" data-id=\"1ab6b091\" data-element_type=\"column\" data-e-type=\"column\">\n\t\t\t<div class=\"elementor-widget-wrap elementor-element-populated\">\n\t\t\t\t\t\t<div class=\"elementor-element elementor-element-71aa9b3 elementor-widget elementor-widget-pt_title\" data-id=\"71aa9b3\" data-element_type=\"widget\" data-e-type=\"widget\" data-widget_type=\"pt_title.default\">\n\t\t\t\t<div class=\"elementor-widget-container\">\n\t\t\t\t\t\n        <div class=\"pt-title-wrap text-center\">\t            <div class=\"pt-title-text\">\n\t                <p style=\"font-size: 1.8rem; font-style: italic; text-align: center; color: #fffff; margin: 1rem 0;\"><br>\u00ab Au Cais do Fado, chaque note est un pont entre celui qui chante et celui qui ressent. \u00bb<\/p>\t            <\/div>        <\/div>\t\t\t\t<\/div>\n\t\t\t\t<\/div>\n\t\t\t\t\t<\/div>\n\t\t<\/div>\n\t\t\t\t\t<\/div>\n\t\t<\/section>\n\t\t\t\t<\/div>\n\t\t","protected":false},"excerpt":{"rendered":"<p>Nos Concerts S\u00e9ance Quotidienne Concert de Fado Vivez le Fado \u00e0 chaque note, \u00e0 chaque mot, dans un cadre unique avec une vue imprenable sur le Douro. Dans une atmosph\u00e8re intime et chaleureuse, nos concerts offrent une exp\u00e9rience authentique o\u00f9 la musique exprime l\u2019\u00e2me du Portugal. Chaque repr\u00e9sentation, accompagn\u00e9e du son de la guitare portugaise &#8230;<\/p>\n","protected":false},"author":1,"featured_media":0,"parent":0,"menu_order":0,"comment_status":"closed","ping_status":"closed","template":"elementor_header_footer","meta":{"patiotime_single_page_hide_site_header":"","patiotime_single_page_site_header_source":"","patiotime_single_page_custom_site_header":"0","patiotime_single_page_custom_sticky_site_header":"0","patiotime_single_page_custom_page_title_margin_top_source":"","patiotime_single_page_custom_page_title_desktop_margin_top":"","patiotime_single_page_custom_page_title_tablet_margin_top":"","patiotime_single_page_custom_page_title_mobile_margin_top":"","patiotime_single_page_hide_page_title":"","patiotime_single_page_header_section_size":"","patiotime_single_page_header_background_color":"","patiotime_single_page_header_background_position_x":"center","patiotime_single_page_header_background_position_y":"center","patiotime_single_page_header_background_size":"cover","patiotime_single_page_header_background_repeat":"off","patiotime_single_page_header_background_scroll":"on","patiotime_single_page_header_text_color":"","patiotime_single_page_header_show_breadcrumb":"","patiotime_single_page_site_footer_hide_main":"","patiotime_single_custom_site_footer_main_source":"","patiotime_single_custom_site_footer_main":"0","patiotime_single_page_site_footer_hide_above":"","patiotime_single_custom_site_footer_above_source":"","patiotime_single_custom_site_footer_above":"0","patiotime_single_page_site_footer_hide_instagram":"","patiotime_single_page_site_footer_hide_bottom":"","patiotime_single_custom_mobile_menu_source":"","patiotime_single_custom_mobile_menu":"0","patiotime_single_custom_mobile_menu_animation":"","patiotime_single_custom_mobile_menu_width":"","patiotime_single_custom_mobile_menu_custom_width":375,"footnotes":""},"class_list":["post-7059","page","type-page","status-publish","hentry"],"_hostinger_reach_plugin_has_subscription_block":false,"_hostinger_reach_plugin_is_elementor":false,"_links":{"self":[{"href":"https:\/\/caisdofado.pt\/fr\/wp-json\/wp\/v2\/pages\/7059","targetHints":{"allow":["GET"]}}],"collection":[{"href":"https:\/\/caisdofado.pt\/fr\/wp-json\/wp\/v2\/pages"}],"about":[{"href":"https:\/\/caisdofado.pt\/fr\/wp-json\/wp\/v2\/types\/page"}],"author":[{"embeddable":true,"href":"https:\/\/caisdofado.pt\/fr\/wp-json\/wp\/v2\/users\/1"}],"replies":[{"embeddable":true,"href":"https:\/\/caisdofado.pt\/fr\/wp-json\/wp\/v2\/comments?post=7059"}],"version-history":[{"count":4,"href":"https:\/\/caisdofado.pt\/fr\/wp-json\/wp\/v2\/pages\/7059\/revisions"}],"predecessor-version":[{"id":7339,"href":"https:\/\/caisdofado.pt\/fr\/wp-json\/wp\/v2\/pages\/7059\/revisions\/7339"}],"wp:attachment":[{"href":"https:\/\/caisdofado.pt\/fr\/wp-json\/wp\/v2\/media?parent=7059"}],"curies":[{"name":"wp","href":"https:\/\/api.w.org\/{rel}","templated":true}]}}