{"id":7212,"date":"2022-04-08T06:03:26","date_gmt":"2022-04-08T06:03:26","guid":{"rendered":"https:\/\/caisdofado.pt\/billetterie\/"},"modified":"2026-01-07T13:43:37","modified_gmt":"2026-01-07T13:43:37","slug":"billetterie","status":"publish","type":"page","link":"https:\/\/caisdofado.pt\/fr\/billetterie\/","title":{"rendered":"Billetterie"},"content":{"rendered":"\t\t<div data-elementor-type=\"wp-page\" data-elementor-id=\"7212\" class=\"elementor elementor-7212 elementor-6252\">\n\t\t\t\t\t\t<section class=\"elementor-section elementor-top-section elementor-element elementor-element-69209016 pt-section-content-fullwidth pt-parallax-on-scroll pt_scroll_y_120 elementor-section-boxed elementor-section-height-default elementor-section-height-default\" data-id=\"69209016\" data-element_type=\"section\" data-e-type=\"section\" data-settings=\"{&quot;background_background&quot;:&quot;classic&quot;}\" data-pt-parallax-y=\"120\" style=\"background-image: none;\" data-pt-background-image=\"https:\/\/caisdofado.pt\/wp-content\/uploads\/2025\/08\/DSC5286-1.webp\">\n\t\t\t\t\t\t\t<div class=\"elementor-background-overlay\"><\/div>\n\t\t\t\t\t\t\t<div class=\"elementor-container elementor-column-gap-no\">\n\t\t\t\t\t<div class=\"elementor-column elementor-col-100 elementor-top-column elementor-element elementor-element-e43c293\" data-id=\"e43c293\" data-element_type=\"column\" data-e-type=\"column\">\n\t\t\t<div class=\"elementor-widget-wrap\">\n\t\t\t\t\t\t\t<\/div>\n\t\t<\/div>\n\t\t\t\t\t<\/div>\n\t\t<\/section>\n\t\t\t\t<section class=\"elementor-section elementor-top-section elementor-element elementor-element-49a2d8b3 elementor-section-boxed elementor-section-height-default elementor-section-height-default\" data-id=\"49a2d8b3\" data-element_type=\"section\" data-e-type=\"section\" data-settings=\"{&quot;background_background&quot;:&quot;classic&quot;}\">\n\t\t\t\t\t\t\t<div class=\"elementor-background-overlay\"><\/div>\n\t\t\t\t\t\t\t<div class=\"elementor-container elementor-column-gap-no\">\n\t\t\t\t\t<div class=\"elementor-column elementor-col-100 elementor-top-column elementor-element elementor-element-4b391e8f\" data-id=\"4b391e8f\" data-element_type=\"column\" data-e-type=\"column\">\n\t\t\t<div class=\"elementor-widget-wrap elementor-element-populated\">\n\t\t\t\t\t\t<div class=\"elementor-element elementor-element-3fbb71ea elementor-widget elementor-widget-pt_title\" data-id=\"3fbb71ea\" data-element_type=\"widget\" data-e-type=\"widget\" data-widget_type=\"pt_title.default\">\n\t\t\t\t<div class=\"elementor-widget-container\">\n\t\t\t\t\t\n        <div class=\"pt-title-wrap text-center\">\t            <div class=\"pt-subtitle-wrap\"><span class=\"pt-subtitle style-bordered\">billets en ligne<\/span><\/div>\t            <h4 class=\"pt-title\">\n\t                R\u00e9server un Concert\t            <\/h4>\t            <div class=\"pt-title-text\">\n\t                <p>R\u00e9servez votre place pour un concert inoubliable, o\u00f9 le Fado s\u2019exprime dans toute son authenticit\u00e9 et son \u00e2me. Pour compl\u00e9ter cette exp\u00e9rience unique, nous offrons un verre de vin de Porto \u2014 l\u2019invitation parfaite \u00e0 porter un toast \u00e0 la tradition et \u00e0 l\u2019\u00e9motion que nous partageons. <\/p>\t            <\/div>        <\/div>\t\t\t\t<\/div>\n\t\t\t\t<\/div>\n\t\t\t\t<div class=\"elementor-element elementor-element-0e7d340 elementor-widget elementor-widget-html\" data-id=\"0e7d340\" data-element_type=\"widget\" data-e-type=\"widget\" data-widget_type=\"html.default\">\n\t\t\t\t\t<div>\n    <!-- FareHarbor calendar of flow #1055732 -->\n<script data-cfasync=\"false\" src=\"https:\/\/fareharbor.com\/embeds\/script\/calendar-small\/caisdofado\/?fallback=simple&amp;full-items=yes&amp;flow=1055732\"><\/script>\n<\/div>\t\t\t\t<\/div>\n\t\t\t\t<div class=\"elementor-element elementor-element-22416b1b elementor-widget elementor-widget-text-editor\" data-id=\"22416b1b\" data-element_type=\"widget\" data-e-type=\"widget\" data-widget_type=\"text-editor.default\">\n\t\t\t\t\t\t\t\t\t<p>*Propuls\u00e9 par Farharbor<\/p>\t\t\t\t\t\t\t\t<\/div>\n\t\t\t\t\t<\/div>\n\t\t<\/div>\n\t\t\t\t\t<\/div>\n\t\t<\/section>\n\t\t<div class=\"elementor-element elementor-element-43b10bc e-flex e-con-boxed e-con e-parent\" data-id=\"43b10bc\" data-element_type=\"container\" data-e-type=\"container\">\n\t\t\t\t\t<div class=\"e-con-inner\">\n\t\t\t\t<div class=\"elementor-element elementor-element-95368ae elementor-widget elementor-widget-text-editor\" data-id=\"95368ae\" data-element_type=\"widget\" data-e-type=\"widget\" data-widget_type=\"text-editor.default\">\n\t\t\t\t\t\t\t\t\t<h2><br \/>Concert <strong>avec des Artistes Locaux<\/strong><\/h2><p><strong>Porto, Quai de Gaia<\/strong><br \/><strong>Adulte 19 \u20ac \u2022 Fado et un verre de Porto ! Dur\u00e9e : environ 1 heure<\/strong><\/p><p>\ud83c\udfb6 <strong>Fado Traditionnel au Cais do Fado<\/strong><br \/>D\u00e9couvrez la magie du Fado, Patrimoine Culturel Immat\u00e9riel de l&rsquo;UNESCO, expression musicale de la culture portugaise. Avec les musiciens du Cais do Fado, vivez la profondeur des voix et la ma\u00eetrise des musiciens dans une ambiance intime avec une vue imprenable sur le Douro.<\/p><p>\ud83c\udf77 <strong>Exp\u00e9rience Compl\u00e8te<\/strong><br \/>Profitez d&rsquo;un concert de qualit\u00e9 accompagn\u00e9 d&rsquo;un verre de Porto, tout en vous impr\u00e9gnant de l&rsquo;essence de la culture portugaise.<\/p><p>\ud83d\udc68\u200d\ud83d\udc69\u200d\ud83d\udc67\u200d\ud83d\udc66 <strong>Accessible et Inclusif<\/strong><br \/>Entr\u00e9e gratuite pour les enfants jusqu&rsquo;\u00e0 13 ans, r\u00e9ductions pour les \u00e9tudiants et les groupes. L&rsquo;espace est adapt\u00e9 aux animaux de compagnie.<\/p><p>\ud83c\udf1f <strong>Bien Plus que de la Musique<\/strong><br \/>Cr\u00e9\u00e9 par des musiciens professionnels de la ville, ce projet de c\u0153ur c\u00e9l\u00e8bre la tradition et partage l&rsquo;authenticit\u00e9 du Fado.<\/p><p>\ud83d\udcab <strong>Venez ressentir l&rsquo;\u00e2me du Fado sur le Quai de Gaia !<\/strong><br \/><strong>Inclus<\/strong><\/p><ul role=\"list\"><li>Un verre de Porto Po\u00e7as<\/li><li>Jus de fruit ou eau<\/li><\/ul><p><strong>Point de Rendez-vous<\/strong><br \/>Clube Fluvial Portuense. Sur le Quai de Gaia, b\u00e2timent vert en face du River Taxi, et \u00e0 c\u00f4t\u00e9 de la Casa Portuguesa do Pastel de Bacalhau.<br \/>Av. Diogo Leite n\u00ba 108, 4400-111 V.N. Gaia<\/p>\t\t\t\t\t\t\t\t<\/div>\n\t\t\t\t<div class=\"elementor-element elementor-element-f2b17f4 elementor-widget elementor-widget-spacer\" data-id=\"f2b17f4\" data-element_type=\"widget\" data-e-type=\"widget\" data-widget_type=\"spacer.default\">\n\t\t\t\t\t\t\t<div class=\"elementor-spacer\">\n\t\t\t<div class=\"elementor-spacer-inner\"><\/div>\n\t\t<\/div>\n\t\t\t\t\t\t<\/div>\n\t\t\t\t\t<\/div>\n\t\t\t\t<\/div>\n\t\t<div class=\"elementor-element elementor-element-1df3eba e-con-full e-flex e-con e-parent\" data-id=\"1df3eba\" data-element_type=\"container\" data-e-type=\"container\">\n\t\t\t\t<div class=\"elementor-element elementor-element-bf8a567 elementor-widget elementor-widget-pt_instagram\" data-id=\"bf8a567\" data-element_type=\"widget\" data-e-type=\"widget\" data-widget_type=\"pt_instagram.default\">\n\t\t\t\t<div class=\"elementor-widget-container\">\n\t\t\t\t\t\n        <div class=\"pt-instagram column-mosaic small-gap\">\t                <ul>\t                        <li><div class=\"feed-bg lazyload\" style=\"background-image:inherit;\" data-bg-image=\"url(https:\/\/caisdofado.pt\/wp-content\/uploads\/2025\/10\/1.png)\"><\/div><\/li>\t                        <li><div class=\"feed-bg lazyload\" style=\"background-image:inherit;\" data-bg-image=\"url(https:\/\/caisdofado.pt\/wp-content\/uploads\/2025\/08\/DSC2570b.webp)\"><\/div><\/li>\t                        <li><div class=\"feed-bg lazyload\" style=\"background-image:inherit;\" data-bg-image=\"url(https:\/\/caisdofado.pt\/wp-content\/uploads\/2025\/08\/1.webp)\"><\/div><\/li>\t                        <li><div class=\"feed-bg lazyload\" style=\"background-image:inherit;\" data-bg-image=\"url(https:\/\/caisdofado.pt\/wp-content\/uploads\/2025\/10\/DSC5286.jpg)\"><\/div><\/li>\t                        <li><div class=\"feed-bg lazyload\" style=\"background-image:inherit;\" data-bg-image=\"url(https:\/\/caisdofado.pt\/wp-content\/uploads\/2025\/08\/DSC07879.webp)\"><\/div><\/li>\t                        <li><div class=\"feed-bg lazyload\" style=\"background-image:inherit;\" data-bg-image=\"url(https:\/\/caisdofado.pt\/wp-content\/uploads\/2025\/08\/5-1.webp)\"><\/div><\/li>\t                <\/ul>        <\/div>\t\t\t\t<\/div>\n\t\t\t\t<\/div>\n\t\t\t\t<\/div>\n\t\t\t\t<\/div>\n\t\t","protected":false},"excerpt":{"rendered":"<p>billets en ligne R\u00e9server un Concert R\u00e9servez votre place pour un concert inoubliable, o\u00f9 le Fado s\u2019exprime dans toute son authenticit\u00e9 et son \u00e2me. Pour compl\u00e9ter cette exp\u00e9rience unique, nous offrons un verre de vin de Porto \u2014 l\u2019invitation parfaite \u00e0 porter un toast \u00e0 la tradition et \u00e0 l\u2019\u00e9motion que nous partageons. *Propuls\u00e9 par &#8230;<\/p>\n","protected":false},"author":1,"featured_media":0,"parent":0,"menu_order":0,"comment_status":"closed","ping_status":"closed","template":"template-wide-content.php","meta":{"patiotime_single_page_hide_site_header":"","patiotime_single_page_site_header_source":"","patiotime_single_page_custom_site_header":"0","patiotime_single_page_custom_sticky_site_header":"0","patiotime_single_page_custom_page_title_margin_top_source":"","patiotime_single_page_custom_page_title_desktop_margin_top":"","patiotime_single_page_custom_page_title_tablet_margin_top":"","patiotime_single_page_custom_page_title_mobile_margin_top":"","patiotime_single_page_hide_page_title":"","patiotime_single_page_header_section_size":"","patiotime_single_page_header_background_color":"","patiotime_single_page_header_background_position_x":"center","patiotime_single_page_header_background_position_y":"center","patiotime_single_page_header_background_size":"cover","patiotime_single_page_header_background_repeat":"off","patiotime_single_page_header_background_scroll":"on","patiotime_single_page_header_text_color":"","patiotime_single_page_header_show_breadcrumb":"","patiotime_single_page_site_footer_hide_main":"","patiotime_single_custom_site_footer_main_source":"","patiotime_single_custom_site_footer_main":"0","patiotime_single_page_site_footer_hide_above":"","patiotime_single_custom_site_footer_above_source":"","patiotime_single_custom_site_footer_above":"0","patiotime_single_page_site_footer_hide_instagram":"","patiotime_single_page_site_footer_hide_bottom":"","patiotime_single_custom_mobile_menu_source":"","patiotime_single_custom_mobile_menu":"0","patiotime_single_custom_mobile_menu_animation":"","patiotime_single_custom_mobile_menu_width":"","patiotime_single_custom_mobile_menu_custom_width":375,"footnotes":""},"class_list":["post-7212","page","type-page","status-publish","hentry"],"_hostinger_reach_plugin_has_subscription_block":false,"_hostinger_reach_plugin_is_elementor":false,"_links":{"self":[{"href":"https:\/\/caisdofado.pt\/fr\/wp-json\/wp\/v2\/pages\/7212","targetHints":{"allow":["GET"]}}],"collection":[{"href":"https:\/\/caisdofado.pt\/fr\/wp-json\/wp\/v2\/pages"}],"about":[{"href":"https:\/\/caisdofado.pt\/fr\/wp-json\/wp\/v2\/types\/page"}],"author":[{"embeddable":true,"href":"https:\/\/caisdofado.pt\/fr\/wp-json\/wp\/v2\/users\/1"}],"replies":[{"embeddable":true,"href":"https:\/\/caisdofado.pt\/fr\/wp-json\/wp\/v2\/comments?post=7212"}],"version-history":[{"count":8,"href":"https:\/\/caisdofado.pt\/fr\/wp-json\/wp\/v2\/pages\/7212\/revisions"}],"predecessor-version":[{"id":7482,"href":"https:\/\/caisdofado.pt\/fr\/wp-json\/wp\/v2\/pages\/7212\/revisions\/7482"}],"wp:attachment":[{"href":"https:\/\/caisdofado.pt\/fr\/wp-json\/wp\/v2\/media?parent=7212"}],"curies":[{"name":"wp","href":"https:\/\/api.w.org\/{rel}","templated":true}]}}